{"id":92,"date":"2013-08-11T19:22:53","date_gmt":"2013-08-11T19:22:53","guid":{"rendered":"http:\/\/localhost:8888\/test\/?page_id=532"},"modified":"2026-01-29T12:31:34","modified_gmt":"2026-01-29T12:31:34","slug":"%e8%81%94%e7%b3%bb","status":"publish","type":"page","link":"https:\/\/aciiec.org\/zh\/elements\/pages\/contact\/","title":{"rendered":"\u63a5\u89e6"},"content":{"rendered":"<section class=\"section\" id=\"section_451955059\">\n\t\t<div class=\"section-bg fill\" >\n\t\t\t\t\t\t\t\t\t\n\t\t\t\n\n\t\t<\/div>\n\n\t\t\n\n\t\t<div class=\"section-content relative\">\n\t\t\t\n\n\n  <div class=\"banner has-hover\" id=\"banner-548975422\">\n          <div class=\"banner-inner fill\">\n        <div class=\"banner-bg fill\" >\n            <img loading=\"lazy\" decoding=\"async\" width=\"1020\" height=\"667\" src=\"https:\/\/aciiec.org\/wp-content\/uploads\/2025\/12\/macao-puente-1223x800.jpg\" class=\"bg attachment-large size-large\" alt=\"\" \/>                        <div class=\"overlay\"><\/div>            \n                    <\/div>\n\t\t\n        <div class=\"banner-layers container\">\n            <div class=\"fill banner-link\"><\/div>            \n\n   <div id=\"text-box-325017934\" class=\"text-box banner-layer x50 md-x50 lg-x50 y50 md-y50 lg-y50 res-text\">\n                                <div class=\"text-box-content text dark\">\n              \n              <div class=\"text-inner text-center\">\n                  \n\n<h3 class=\"uppercase\"><strong>\u8054\u7cfb ACIIEC<\/strong><\/h3>\n\n              <\/div>\n           <\/div>\n                            \n<style>\n#text-box-325017934 {\n  width: 60%;\n}\n#text-box-325017934 .text-box-content {\n  font-size: 100%;\n}\n<\/style>\n    <\/div>\n \n\n        <\/div>\n      <\/div>\n\n            \n<style>\n#banner-548975422 {\n  padding-top: 500px;\n}\n#banner-548975422 .overlay {\n  background-color: rgba(17, 2, 2, 0.401);\n}\n<\/style>\n  <\/div>\n\n\n\n\t\t<\/div>\n\n\t\t\n<style>\n#section_451955059 {\n  padding-top: 0px;\n  padding-bottom: 0px;\n}\n<\/style>\n\t<\/section>\n\t\n<div class=\"row\"  id=\"row-994970519\">\n\n\n\t<div id=\"col-997863029\" class=\"col medium-6 large-6\"  >\n\t\t\t\t<div class=\"col-inner\"  >\n\t\t\t\n\t\t\t\n\n<div class=\"container section-title-container\" ><h3 class=\"section-title section-title-normal\"><b aria-hidden=\"true\"><\/b><span class=\"section-title-main\" >\u9700\u8981\u56de\u7b54\u7684\u4e00\u4e9b\u95ee\u9898<\/span><b aria-hidden=\"true\"><\/b><\/h3><\/div>\n\n<p>\u6211\u4eec\u5c06\u56de\u7b54\u60a8\u7684\u6240\u6709\u95ee\u9898\uff0c\u5e2e\u52a9\u60a8\u5728\u897f\u73ed\u7259\u4e0e\u4e2d\u56fd\u7684\u4ea7\u4e1a\u5408\u4f5c\u4e2d\u8fc8\u51fa\u65b0\u7684\u4e00\u6b65\u3002\u8bf7\u586b\u5199\u4e0b\u8868\uff0c\u6211\u4eec\u5c06\u5c3d\u5feb\u4e0e\u60a8\u8054\u7cfb\uff0c\u65e0\u8bba\u60a8\u662f\u9700\u8981\u4f1a\u5458\u4fe1\u606f\u3001\u4e2a\u6027\u5316\u5efa\u8bae\u3001\u53c2\u52a0\u6d3b\u52a8\u8fd8\u662f\u5176\u4ed6\u4efb\u4f55\u95ee\u9898\u3002. <\/p>\n<div class=\"accordion\">\n\n\t<div id=\"accordion-1680843602\" class=\"accordion-item\">\n\t\t<a id=\"accordion-1680843602-label\" class=\"accordion-title plain\" href=\"#accordion-item-\u00bfqu\u00e9-es-la-aciiec-y-cu\u00e1l-es-su-objetivo-principal?\" aria-expanded=\"false\" aria-controls=\"accordion-1680843602-content\">\n\t\t\t<button class=\"toggle\" aria-label=\"\u5207\u6362\"><i class=\"icon-angle-down\" aria-hidden=\"true\"><\/i><\/button>\n\t\t\t<span>\u4ec0\u4e48\u662f ACIIEC\uff0c\u5176\u4e3b\u8981\u76ee\u6807\u662f\u4ec0\u4e48\uff1f<\/span>\n\t\t<\/a>\n\t\t<div id=\"accordion-1680843602-content\" class=\"accordion-inner\" aria-labelledby=\"accordion-1680843602-label\">\n\t\t\t\n\n<p dir=\"auto\">\u897f\u73ed\u7259-\u4e2d\u56fd\u5de5\u4e1a\u4e0e\u5de5\u7a0b\u5408\u4f5c\u534f\u4f1a\uff08ACIIEC\uff09\u662f\u4e00\u4e2a\u975e\u8425\u5229\u6027\u7ec4\u7ec7\uff0c\u81f4\u529b\u4e8e\u4fc3\u8fdb\u897f\u73ed\u7259\u4e0e\u4e2d\u56fd\u4e4b\u95f4\u7684\u5de5\u4e1a\u3001\u5546\u4e1a\u548c\u6280\u672f\u5408\u4f5c\u3002\u6211\u4eec\u7684\u76ee\u6807\u662f\u5728\u76f8\u4e92\u5c0a\u91cd\u548c\u53ef\u6301\u7eed\u53d1\u5c55\u7684\u57fa\u7840\u4e0a\u642d\u5efa\u575a\u5b9e\u7684\u6865\u6881\uff0c\u4fc3\u8fdb\u4e2d\u56fd\u5728\u897f\u73ed\u7259\u7684\u6295\u8d44\uff0c\u5e2e\u52a9\u897f\u73ed\u7259\u4f01\u4e1a\u8fdb\u5165\u4e2d\u56fd\u5e02\u573a\u3002.<\/p>\n\n\t\t<\/div>\n\t<\/div>\n\t\n\t<div id=\"accordion-1627992276\" class=\"accordion-item\">\n\t\t<a id=\"accordion-1627992276-label\" class=\"accordion-title plain\" href=\"#accordion-item-\u00bfqu\u00e9-tipos-de-membres\u00edas-ofrece-la-aciiec-y-cu\u00e1nto-cuestan-aproximadamente?\" aria-expanded=\"false\" aria-controls=\"accordion-1627992276-content\">\n\t\t\t<button class=\"toggle\" aria-label=\"\u5207\u6362\"><i class=\"icon-angle-down\" aria-hidden=\"true\"><\/i><\/button>\n\t\t\t<span>ACIIEC \u63d0\u4f9b\u54ea\u4e9b\u7c7b\u578b\u7684\u4f1a\u5458\u8d44\u683c\uff0c\u8d39\u7528\u5927\u7ea6\u662f\u591a\u5c11\uff1f<\/span>\n\t\t<\/a>\n\t\t<div id=\"accordion-1627992276-content\" class=\"accordion-inner\" aria-labelledby=\"accordion-1627992276-label\">\n\t\t\t\n\n<ul>\n<li><strong>\u57fa\u7840<\/strong> (200 \u6b27\u5143\/\u5e74\uff09\uff1a\u4e2a\u4eba\u548c\u5c0f\u578b\u4f01\u4e1a\u7684\u7406\u60f3\u9009\u62e9\uff0c\u53ef\u83b7\u5f97\u4fe1\u606f\u3001\u7f51\u7edc\u7814\u8ba8\u4f1a\u548c\u57fa\u672c\u6298\u6263\u3002.<\/li>\n<li><strong>\u4f01\u4e1a<\/strong> (750 \u6b27\u5143\/\u5e74\uff09\uff1a\u9762\u5411\u4e2d\u578b\u4f01\u4e1a\uff0c\u5305\u62ec\u521d\u59cb\u54a8\u8be2\u548c\u8fdb\u4e00\u6b65\u7684\u7f51\u7edc\u5efa\u8bbe\u3002.<\/li>\n<li><strong>\u91d1\u8272<\/strong> (3,000 \u6b27\u5143\/\u5e74\uff09\uff1a\u9762\u5411\u5927\u578b\u516c\u53f8\u548c\u673a\u6784\uff0c\u63d0\u4f9b\u65e0\u9650\u5236\u7684\u54a8\u8be2\u3001\u5728\u4e2d\u56fd\u7684\u663e\u8457\u63a8\u5e7f\u548c\u4e13\u4eab\u6298\u6263\u3002\u4ef7\u683c\u4ec5\u4f9b\u53c2\u8003\uff0c\u53ef\u80fd\u6bcf\u5e74\u8c03\u6574\u3002.<\/li>\n<\/ul>\n\n\t\t<\/div>\n\t<\/div>\n\t\n\t<div id=\"accordion-2962358166\" class=\"accordion-item\">\n\t\t<a id=\"accordion-2962358166-label\" class=\"accordion-title plain\" href=\"#accordion-item-\u00bfc\u00f3mo-puede-la-aciiec-ayudar-a-mi-empresa-espa\u00f1ola-a-promocionarse-en-china?\" aria-expanded=\"false\" aria-controls=\"accordion-2962358166-content\">\n\t\t\t<button class=\"toggle\" aria-label=\"\u5207\u6362\"><i class=\"icon-angle-down\" aria-hidden=\"true\"><\/i><\/button>\n\t\t\t<span>ACIIEC \u5982\u4f55\u5e2e\u52a9\u6211\u7684\u897f\u73ed\u7259\u516c\u53f8\u5728\u4e2d\u56fd\u8fdb\u884c\u5ba3\u4f20\uff1f<\/span>\n\t\t<\/a>\n\t\t<div id=\"accordion-2962358166-content\" class=\"accordion-inner\" aria-labelledby=\"accordion-2962358166-label\">\n\t\t\t\n\n<p dir=\"auto\">\u901a\u8fc7\u5728\u4e2d\u56fd\u793e\u4ea4\u7f51\u7edc\uff08\u5fae\u4fe1\u3001\u5fae\u535a\u3001\u8c46\u74e3\uff09\u548c\u56fd\u5185\u5a92\u4f53\u4e0a\u5f00\u5c55\u5ba3\u4f20\u6d3b\u52a8\uff0c\u6211\u4eec\u8fdb\u884c\u91c7\u8bbf\u3001\u62a5\u9053\u548c\u51fa\u7248\uff0c\u63d0\u9ad8\u8d35\u516c\u53f8\u5728\u6f5c\u5728\u4e2d\u56fd\u6295\u8d44\u8005\u548c\u5408\u4f5c\u4f19\u4f34\u5fc3\u76ee\u4e2d\u7684\u77e5\u540d\u5ea6\u3002\u5546\u4e1a\u548c\u91d1\u724c\u5408\u4f5c\u4f19\u4f34\u5c06\u83b7\u5f97\u4f18\u5148\u548c\u4e2a\u6027\u5316\u7684\u63a8\u5e7f\u3002.<\/p>\n\n\t\t<\/div>\n\t<\/div>\n\t\n\t<div id=\"accordion-3099594\" class=\"accordion-item\">\n\t\t<a id=\"accordion-3099594-label\" class=\"accordion-title plain\" href=\"#accordion-item-\u00bfqu\u00e9-servicios-de-asesor\u00eda-ofrece-la-asociaci\u00f3n-para-empresas-chinas-interesadas-en-espa\u00f1a?\" aria-expanded=\"false\" aria-controls=\"accordion-3099594-content\">\n\t\t\t<button class=\"toggle\" aria-label=\"\u5207\u6362\"><i class=\"icon-angle-down\" aria-hidden=\"true\"><\/i><\/button>\n\t\t\t<span>\u534f\u4f1a\u4e3a\u5bf9\u897f\u73ed\u7259\u611f\u5174\u8da3\u7684\u4e2d\u56fd\u4f01\u4e1a\u63d0\u4f9b\u54ea\u4e9b\u54a8\u8be2\u670d\u52a1\uff1f<\/span>\n\t\t<\/a>\n\t\t<div id=\"accordion-3099594-content\" class=\"accordion-inner\" aria-labelledby=\"accordion-3099594-label\">\n\t\t\t\n\n<p dir=\"auto\">\u6211\u4eec\u9488\u5bf9\u897f\u73ed\u7259\u5e02\u573a\u63d0\u4f9b\u6280\u672f\u3001\u6cd5\u5f8b\u3001\u76d1\u7ba1\u548c\u4e1a\u52a1\u5efa\u8bae\uff0c\u4fc3\u8fdb\u80fd\u6e90\u3001\u7269\u6d41\u3001\u4ea4\u901a\u548c\u5de5\u4e1a\u7b49\u884c\u4e1a\u7684\u5b9e\u65bd\u7a0b\u5e8f\u3001\u672c\u5730\u5408\u4f5c\u4f19\u4f34\u641c\u7d22\u548c\u76d1\u7ba1\u5408\u89c4\u3002\u91d1\u724c\u4f1a\u5458\u53ef\u83b7\u5f97\u65e0\u9650\u91cf\u7684\u4e2a\u6027\u5316\u5efa\u8bae\u3002.<\/p>\n\n\t\t<\/div>\n\t<\/div>\n\t\n\n<\/div>\n\n\t\t<\/div>\n\t\t\t\t\t<\/div>\n\n\t\n\n\t<div id=\"col-867344975\" class=\"col medium-6 large-6\"  >\n\t\t\t\t<div class=\"col-inner\"  >\n\t\t\t\n\t\t\t\n\n<div class=\"container section-title-container\" ><h3 class=\"section-title section-title-normal\"><b aria-hidden=\"true\"><\/b><span class=\"section-title-main\" >\u8bf7\u586b\u5199\u4ee5\u4e0b\u8868\u683c<\/span><b aria-hidden=\"true\"><\/b><\/h3><\/div>\n\n\n<div class=\"wpcf7 no-js\" id=\"wpcf7-f19-o1\" lang=\"en-US\" dir=\"ltr\" data-wpcf7-id=\"19\">\n<div class=\"screen-reader-response\"><p role=\"status\" aria-live=\"polite\" aria-atomic=\"true\"><\/p> <ul><\/ul><\/div>\n<form action=\"\/zh\/wp-json\/wp\/v2\/pages\/92#wpcf7-f19-o1\" method=\"post\" class=\"wpcf7-form init\" aria-label=\"\u8054\u7cfb\u8868\u683c\" novalidate=\"novalidate\" data-status=\"init\" data-trp-original-action=\"\/zh\/wp-json\/wp\/v2\/pages\/92#wpcf7-f19-o1\">\n<fieldset class=\"hidden-fields-container\"><input type=\"hidden\" name=\"_wpcf7\" value=\"19\" \/><input type=\"hidden\" name=\"_wpcf7_version\" value=\"6.1.5\" \/><input type=\"hidden\" name=\"_wpcf7_locale\" value=\"en_US\" \/><input type=\"hidden\" name=\"_wpcf7_unit_tag\" value=\"wpcf7-f19-o1\" \/><input type=\"hidden\" name=\"_wpcf7_container_post\" value=\"0\" \/><input type=\"hidden\" name=\"_wpcf7_posted_data_hash\" value=\"\" \/>\n<\/fieldset>\n<p><label>\u60a8\u7684\u59d3\u540d\uff08\u5fc5\u586b\uff09<\/label><br \/>\n<span class=\"wpcf7-form-control-wrap\" data-name=\"your-name\"><input size=\"40\" maxlength=\"400\" class=\"wpcf7-form-control wpcf7-text wpcf7-validates-as-required\" aria-required=\"true\" aria-invalid=\"false\" value=\"\" type=\"text\" name=\"your-name\" \/><\/span>\n<\/p>\n<p><label>\u60a8\u7684\u90ae\u7bb1\u5730\u5740\uff08\u5fc5\u586b\uff09<\/label><br \/>\n<span class=\"wpcf7-form-control-wrap\" data-name=\"your-email\"><input size=\"40\" maxlength=\"400\" class=\"wpcf7-form-control wpcf7-email wpcf7-validates-as-required wpcf7-text wpcf7-validates-as-email\" aria-required=\"true\" aria-invalid=\"false\" value=\"\" type=\"email\" name=\"your-email\" \/><\/span>\n<\/p>\n<p><label> \u4e3b\u9898<br \/>\n<span class=\"wpcf7-form-control-wrap\" data-name=\"your-subject\"><input size=\"40\" maxlength=\"400\" class=\"wpcf7-form-control wpcf7-text wpcf7-validates-as-required\" aria-required=\"true\" aria-invalid=\"false\" value=\"\" type=\"text\" name=\"your-subject\" \/><\/span> <\/label>\n<\/p>\n<p><label>\u60a8\u7684\u7559\u8a00\uff08\u5fc5\u586b\uff09<\/label><br \/>\n<span class=\"wpcf7-form-control-wrap\" data-name=\"your-message\"><textarea cols=\"40\" rows=\"10\" maxlength=\"2000\" class=\"wpcf7-form-control wpcf7-textarea\" aria-invalid=\"false\" name=\"your-message\"><\/textarea><\/span>\n<\/p>\n<p><div id=\"cf7sr-69e3739edfc1b\" class=\"cf7sr-g-recaptcha\" data-theme=\"light\" data-type=\"image\" data-size=\"normal\" data-sitekey=\"6LcNS1osAAAAAKz-T6IjNhL3CtE8r_S010ClXH5S\"><\/div><span class=\"wpcf7-form-control-wrap cf7sr-recaptcha\" data-name=\"cf7sr-recaptcha\"><input type=\"hidden\" name=\"cf7sr-recaptcha\" value=\"\" class=\"wpcf7-form-control\"><\/span>\n<\/p>\n<p><input class=\"wpcf7-form-control wpcf7-submit has-spinner button\" type=\"submit\" value=\"\u63d0\u4ea4\" \/>\n<\/p><div class=\"wpcf7-response-output\" aria-hidden=\"true\"><\/div>\n<input type=\"hidden\" name=\"trp-form-language\" value=\"zh\"\/><\/form>\n<\/div>\n\n\n\n\t\t<\/div>\n\t\t\t\t\t<\/div>\n\n\t\n\n<\/div>\n<p>\u00a0<\/p>","protected":false},"excerpt":{"rendered":"","protected":false},"author":1,"featured_media":20,"parent":55,"menu_order":0,"comment_status":"closed","ping_status":"closed","template":"page-blank.php","meta":{"footnotes":""},"class_list":["post-92","page","type-page","status-publish","has-post-thumbnail","hentry"],"_links":{"self":[{"href":"https:\/\/aciiec.org\/zh\/wp-json\/wp\/v2\/pages\/92","targetHints":{"allow":["GET"]}}],"collection":[{"href":"https:\/\/aciiec.org\/zh\/wp-json\/wp\/v2\/pages"}],"about":[{"href":"https:\/\/aciiec.org\/zh\/wp-json\/wp\/v2\/types\/page"}],"author":[{"embeddable":true,"href":"https:\/\/aciiec.org\/zh\/wp-json\/wp\/v2\/users\/1"}],"replies":[{"embeddable":true,"href":"https:\/\/aciiec.org\/zh\/wp-json\/wp\/v2\/comments?post=92"}],"version-history":[{"count":7,"href":"https:\/\/aciiec.org\/zh\/wp-json\/wp\/v2\/pages\/92\/revisions"}],"predecessor-version":[{"id":497,"href":"https:\/\/aciiec.org\/zh\/wp-json\/wp\/v2\/pages\/92\/revisions\/497"}],"up":[{"embeddable":true,"href":"https:\/\/aciiec.org\/zh\/wp-json\/wp\/v2\/pages\/55"}],"wp:featuredmedia":[{"embeddable":true,"href":"https:\/\/aciiec.org\/zh\/wp-json\/wp\/v2\/media\/20"}],"wp:attachment":[{"href":"https:\/\/aciiec.org\/zh\/wp-json\/wp\/v2\/media?parent=92"}],"curies":[{"name":"wp","href":"https:\/\/api.w.org\/{rel}","templated":true}]}}