{"id":89,"date":"2013-08-11T20:13:42","date_gmt":"2013-08-11T20:13:42","guid":{"rendered":"http:\/\/localhost:8888\/test\/?page_id=545"},"modified":"2025-12-23T12:14:01","modified_gmt":"2025-12-23T12:14:01","slug":"%e5%b8%b8%e8%a7%81%e9%97%ae%e9%a2%98","status":"publish","type":"page","link":"https:\/\/aciiec.org\/zh\/elements\/pages\/faq\/","title":{"rendered":"\u5e38\u95ee\u95ee\u9898"},"content":{"rendered":"<section class=\"section\" id=\"section_415552482\">\n\t\t<div class=\"section-bg fill\" >\n\t\t\t\t\t\t\t\t\t\n\t\t\t\n\n\t\t<\/div>\n\n\t\t\n\n\t\t<div class=\"section-content relative\">\n\t\t\t\n\n\n  <div class=\"banner has-hover\" id=\"banner-1019184379\">\n          <div class=\"banner-inner fill\">\n        <div class=\"banner-bg fill\" >\n            <img loading=\"lazy\" decoding=\"async\" width=\"1020\" height=\"645\" src=\"https:\/\/aciiec.org\/wp-content\/uploads\/2025\/12\/faq-1265x800.jpg\" class=\"bg attachment-large size-large\" alt=\"\" \/>                        <div class=\"overlay\"><\/div>            \n                    <\/div>\n\t\t\n        <div class=\"banner-layers container\">\n            <div class=\"fill banner-link\"><\/div>            \n\n   <div id=\"text-box-1921588162\" class=\"text-box banner-layer x50 md-x50 lg-x50 y50 md-y50 lg-y50 res-text\">\n                                <div class=\"text-box-content text dark\">\n              \n              <div class=\"text-inner text-center\">\n                  \n\n<h3 class=\"uppercase\"><strong>\u6211\u4eec\u5c06\u7aed\u8bda\u4e3a\u8d35\u516c\u53f8\u63d0\u4f9b\u5e2e\u52a9<\/strong><\/h3>\n<p dir=\"auto\">\u5728\u8fd9\u91cc\uff0c\u60a8\u53ef\u4ee5\u627e\u5230\u5173\u4e8e\u897f\u73ed\u7259-\u4e2d\u56fd\u5de5\u4e1a\u4e0e\u5de5\u7a0b\u5408\u4f5c\u534f\u4f1a\uff08ACIIEC\uff09\u5982\u4f55\u5728\u4e2d\u56fd\u63a8\u5e7f\u3001\u62db\u5546\u5f15\u8d44\u3001\u4e13\u4e1a\u54a8\u8be2\u548c\u53cc\u8fb9\u8054\u7edc\u65b9\u9762\u4e3a\u8d35\u516c\u53f8\u6216\u673a\u6784\u63d0\u4f9b\u652f\u6301\u7684\u6700\u5e38\u89c1\u95ee\u9898\u7684\u7b54\u6848\u3002\u5982\u679c\u60a8\u6ca1\u6709\u627e\u5230\u6240\u9700\u7684\u4fe1\u606f\uff0c\u8bf7\u968f\u65f6\u8054\u7cfb\u6211\u4eec\uff0c\u6211\u4eec\u5c06\u4e3a\u60a8\u63d0\u4f9b\u4e2a\u6027\u5316\u7684\u670d\u52a1\u3002.<\/p>\n\n              <\/div>\n           <\/div>\n                            \n<style>\n#text-box-1921588162 {\n  width: 60%;\n}\n#text-box-1921588162 .text-box-content {\n  font-size: 100%;\n}\n<\/style>\n    <\/div>\n \n\n        <\/div>\n      <\/div>\n\n            \n<style>\n#banner-1019184379 {\n  padding-top: 500px;\n}\n#banner-1019184379 .overlay {\n  background-color: rgba(0, 0, 0, 0.465);\n}\n#banner-1019184379 .banner-bg img {\n  object-position: 12% 18%;\n}\n<\/style>\n  <\/div>\n\n\n<div class=\"row\"  id=\"row-3210680\">\n\n\n\t<div id=\"col-607983409\" class=\"col medium-6 small-12 large-6\"  >\n\t\t\t\t<div class=\"col-inner\"  >\n\t\t\t\n\t\t\t\n\n<div class=\"accordion\">\n\n\t<div id=\"accordion-3631817795\" class=\"accordion-item\">\n\t\t<a id=\"accordion-3631817795-label\" class=\"accordion-title plain\" href=\"#accordion-item-\u00bfc\u00f3mo-puede-la-aciiec-ayudar-a-mi-empresa-china-a-implantarse-en-espa\u00f1a?\" aria-expanded=\"false\" aria-controls=\"accordion-3631817795-content\">\n\t\t\t<button class=\"toggle\" aria-label=\"\u5207\u6362\"><i class=\"icon-angle-down\" aria-hidden=\"true\"><\/i><\/button>\n\t\t\t<span>ACIIEC \u5982\u4f55\u5e2e\u52a9\u6211\u7684\u4e2d\u56fd\u516c\u53f8\u5728\u897f\u73ed\u7259\u6210\u7acb\uff1f<\/span>\n\t\t<\/a>\n\t\t<div id=\"accordion-3631817795-content\" class=\"accordion-inner\" aria-labelledby=\"accordion-3631817795-label\">\n\t\t\t\n\n<p dir=\"auto\">ACIIEC \u4e3a\u4e2d\u56fd\u4f01\u4e1a\u8fdb\u5165\u897f\u73ed\u7259\u5e02\u573a\u63d0\u4f9b\u6cd5\u5f8b\u3001\u6280\u672f\u548c\u5546\u4e1a\u6cd5\u89c4\u65b9\u9762\u7684\u4e13\u4e1a\u5efa\u8bae\u3002\u901a\u8fc7\u6211\u4eec\u7684\u4f01\u4e1a\u4f1a\u5458\u6216\u9ec4\u91d1\u4f1a\u5458\u8d44\u683c\uff0c\u6211\u4eec\u53ef\u5728\u6295\u8d44\u7a0b\u5e8f\u3001\u5bfb\u627e\u5f53\u5730\u5408\u4f5c\u4f19\u4f34\u4ee5\u53ca\u80fd\u6e90\u3001\u7269\u6d41\u548c\u4ea4\u901a\u7b49\u884c\u4e1a\u7684\u9879\u76ee\u65b9\u9762\u63d0\u4f9b\u4e2a\u6027\u5316\u6307\u5bfc\u3002\u8054\u7cfb\u6211\u4eec\uff0c\u83b7\u53d6\u514d\u8d39\u521d\u6b65\u54a8\u8be2\u3002.<\/p>\n\n\t\t<\/div>\n\t<\/div>\n\t\n\t<div id=\"accordion-2190563837\" class=\"accordion-item\">\n\t\t<a id=\"accordion-2190563837-label\" class=\"accordion-title plain\" href=\"#accordion-item-\u00bfqu\u00e9-beneficios-obtengo-al-promocionar-mi-empresa-espa\u00f1ola-en-china-a-trav\u00e9s-de-la-asociaci\u00f3n?\" aria-expanded=\"false\" aria-controls=\"accordion-2190563837-content\">\n\t\t\t<button class=\"toggle\" aria-label=\"\u5207\u6362\"><i class=\"icon-angle-down\" aria-hidden=\"true\"><\/i><\/button>\n\t\t\t<span>\u901a\u8fc7\u534f\u4f1a\u5728\u4e2d\u56fd\u63a8\u5e7f\u6211\u7684\u897f\u73ed\u7259\u516c\u53f8\u6709\u4ec0\u4e48\u597d\u5904\uff1f<\/span>\n\t\t<\/a>\n\t\t<div id=\"accordion-2190563837-content\" class=\"accordion-inner\" aria-labelledby=\"accordion-2190563837-label\">\n\t\t\t\n\n<p dir=\"auto\">\u4f5c\u4e3a ACIIEC \u7684\u4f1a\u5458\uff0c\u8d35\u516c\u53f8\u53ef\u901a\u8fc7\u6d3b\u52a8\u3001\u91c7\u8bbf\u548c\u62a5\u9053\u5728\u4e2d\u56fd\u7f51\u7edc\u548c\u5a92\u4f53\uff08\u5fae\u4fe1\u3001\u8c46\u74e3\u3001\u5fae\u535a\u3001\u56fd\u5bb6\u7535\u89c6\u53f0\uff09\u4e0a\u83b7\u5f97\u77e5\u540d\u5ea6\u3002\u8fd9\u6709\u52a9\u4e8e\u5438\u5f15\u4e2d\u56fd\u6295\u8d44\u8005\u548c\u5408\u4f5c\u4f19\u4f34\u3002\u4f1a\u5458\u8d44\u683c\u5305\u62ec\u6d3b\u52a8\u6298\u6263\u4ee5\u53ca\u6280\u672f\u8f6c\u8ba9\u3001\u51fa\u53e3\u673a\u4f1a\u6700\u5927\u5316\u548c\u5408\u8d44\u4f01\u4e1a\u65b9\u9762\u7684\u5efa\u8bae\u3002.<\/p>\n\n\t\t<\/div>\n\t<\/div>\n\t\n\t<div id=\"accordion-904987327\" class=\"accordion-item\">\n\t\t<a id=\"accordion-904987327-label\" class=\"accordion-title plain\" href=\"#accordion-item-\u00bfcu\u00e1les-son-los-pasos-para-atraer-inversi\u00f3n-china-a-mi-regi\u00f3n-o-empresa-en-espa\u00f1a?\" aria-expanded=\"false\" aria-controls=\"accordion-904987327-content\">\n\t\t\t<button class=\"toggle\" aria-label=\"\u5207\u6362\"><i class=\"icon-angle-down\" aria-hidden=\"true\"><\/i><\/button>\n\t\t\t<span>\u6211\u6240\u5728\u7684\u897f\u73ed\u7259\u5730\u533a\u6216\u516c\u53f8\u5438\u5f15\u4e2d\u56fd\u6295\u8d44\u7684\u6b65\u9aa4\u662f\u4ec0\u4e48\uff1f<\/span>\n\t\t<\/a>\n\t\t<div id=\"accordion-904987327-content\" class=\"accordion-inner\" aria-labelledby=\"accordion-904987327-label\">\n\t\t\t\n\n<p dir=\"auto\">\u6211\u4eec\u9996\u5148\u5bf9\u60a8\u7684\u5efa\u8bae\u4e66\u8fdb\u884c\u8bc4\u4f30\uff0c\u4ee5\u7a81\u51fa\u4f18\u52bf\uff0c\u5982\u6218\u7565\u4f4d\u7f6e\u6216\u7a0e\u6536\u4f18\u60e0\u653f\u7b56\u3002\u7136\u540e\uff0c\u6211\u4eec\u4e0e\u4e2d\u56fd\u8d38\u4fc3\u4f1a\u4e00\u8d77\u5728\u53cc\u8fb9\u8bba\u575b\u548c\u5546\u52a1\u4ee3\u8868\u56e2\u4e2d\u63a8\u5e7f\u60a8\u7684\u9879\u76ee\u3002\u52a0\u5165\u91d1\u724c\u5408\u4f5c\u4f19\u4f34\u884c\u5217\uff0c\u53ef\u4f18\u5148\u83b7\u5f97\u9ad8\u7ea7\u7f51\u7edc\u548c\u8c08\u5224\u5efa\u8bae\uff0c\u786e\u4fdd\u6574\u4e2a\u8fc7\u7a0b\u9ad8\u6548\u3001\u6210\u529f\u3002.<\/p>\n\n\t\t<\/div>\n\t<\/div>\n\t\n\n<\/div>\n\n\t\t<\/div>\n\t\t\t\t\t<\/div>\n\n\t\n\n\t<div id=\"col-1959652474\" class=\"col medium-6 small-12 large-6\"  >\n\t\t\t\t<div class=\"col-inner\"  >\n\t\t\t\n\t\t\t\n\n<div class=\"accordion\">\n\n\t<div id=\"accordion-2082069017\" class=\"accordion-item\">\n\t\t<a id=\"accordion-2082069017-label\" class=\"accordion-title plain\" href=\"#accordion-item-\u00bfqu\u00e9-tipos-de-asesor\u00eda-ofrece-la-aciiec-para-colaboraciones-industriales-entre-espa\u00f1a-y-china?\" aria-expanded=\"false\" aria-controls=\"accordion-2082069017-content\">\n\t\t\t<button class=\"toggle\" aria-label=\"\u5207\u6362\"><i class=\"icon-angle-down\" aria-hidden=\"true\"><\/i><\/button>\n\t\t\t<span>ACIIEC \u5bf9\u897f\u73ed\u7259\u4e0e\u4e2d\u56fd\u7684\u5de5\u4e1a\u5408\u4f5c\u6709\u4f55\u5efa\u8bae\uff1f<\/span>\n\t\t<\/a>\n\t\t<div id=\"accordion-2082069017-content\" class=\"accordion-inner\" aria-labelledby=\"accordion-2082069017-label\">\n\t\t\t\n\n<p dir=\"auto\">\u6211\u4eec\u4e3a\u4e24\u4e2a\u5e02\u573a\u63d0\u4f9b\u91cf\u8eab\u5b9a\u5236\u7684\u6280\u672f\u3001\u6cd5\u5f8b\u548c\u76d1\u7ba1\u5efa\u8bae\uff0c\u5305\u62ec\u76d1\u7ba1\u5408\u89c4\u3001\u77e5\u8bc6\u4ea7\u6743\u4fdd\u62a4\u548c\u5b9e\u65bd\u6218\u7565\u3002\u5bf9\u4e8e\u4f01\u4e1a\u4f1a\u5458\u6216\u9ec4\u91d1\u4f1a\u5458\uff0c\u6211\u4eec\u5c06\u63d0\u4f9b\u65e0\u9650\u5236\u7684\u5b9a\u5236\u670d\u52a1\uff0c\u5e76\u5728\u5de5\u7a0b\u548c\u5236\u9020\u7b49\u5173\u952e\u9886\u57df\u914d\u5907\u4e13\u5bb6\uff0c\u4fc3\u8fdb\u65e0\u7f1d\u548c\u5177\u6709\u6210\u672c\u6548\u76ca\u7684\u4ea4\u6d41\u3002.<\/p>\n\n\t\t<\/div>\n\t<\/div>\n\t\n\t<div id=\"accordion-580575565\" class=\"accordion-item\">\n\t\t<a id=\"accordion-580575565-label\" class=\"accordion-title plain\" href=\"#accordion-item-\u00bfc\u00f3mo-puedo-participar-en-eventos-de-networking-para-conectar-con-empresas-chinas?\" aria-expanded=\"false\" aria-controls=\"accordion-580575565-content\">\n\t\t\t<button class=\"toggle\" aria-label=\"\u5207\u6362\"><i class=\"icon-angle-down\" aria-hidden=\"true\"><\/i><\/button>\n\t\t\t<span>\u5982\u4f55\u53c2\u52a0\u4ea4\u6d41\u6d3b\u52a8\u4e0e\u4e2d\u56fd\u516c\u53f8\u5efa\u7acb\u8054\u7cfb\uff1f<\/span>\n\t\t<\/a>\n\t\t<div id=\"accordion-580575565-content\" class=\"accordion-inner\" aria-labelledby=\"accordion-580575565-label\">\n\t\t\t\n\n<p dir=\"auto\">ACIIEC \u7ec4\u7ec7\u5927\u4f1a\u3001\u4ea4\u6613\u4f1a\u548c\u53cc\u8fb9\u5546\u52a1\u4ee3\u8868\u56e2\u3002\u4f5c\u4e3a\u4f1a\u5458\uff0c\u60a8\u53ef\u83b7\u5f97\u4f18\u5148\u9080\u8bf7\u548c\u6298\u6263\uff08\u91d1\u724c\u4f1a\u5458\u6700\u9ad8\u53ef\u8fbe 50%\uff09\u3002\u8fd9\u4e9b\u6d3b\u52a8\u5c06\u897f\u73ed\u7259\u9ad8\u7ba1\u4e0e\u4e2d\u56fd\u6295\u8d44\u8005\u8054\u7cfb\u8d77\u6765\uff0c\u4fc3\u8fdb\u5408\u4f5c\u4f19\u4f34\u5173\u7cfb\u3002\u8bf7\u67e5\u770b\u6211\u4eec\u7684 \"\u6d3b\u52a8 \"\u680f\u76ee\u6216\u8ba2\u9605\u65b0\u95fb\u901a\u8baf\uff0c\u4ee5\u514d\u9519\u8fc7\u5373\u5c06\u4e3e\u884c\u7684\u6d3b\u52a8\u3002.<\/p>\n\n\t\t<\/div>\n\t<\/div>\n\t\n\t<div id=\"accordion-829576416\" class=\"accordion-item\">\n\t\t<a id=\"accordion-829576416-label\" class=\"accordion-title plain\" href=\"#accordion-item-\u00bfcu\u00e1nto-cuesta-unirse-a-la-aciiec-y-qu\u00e9-membres\u00eda-es-adecuada-para-mi-empresa?\" aria-expanded=\"false\" aria-controls=\"accordion-829576416-content\">\n\t\t\t<button class=\"toggle\" aria-label=\"\u5207\u6362\"><i class=\"icon-angle-down\" aria-hidden=\"true\"><\/i><\/button>\n\t\t\t<span>\u52a0\u5165 ACIIEC \u9700\u8981\u591a\u5c11\u8d39\u7528\uff1f<\/span>\n\t\t<\/a>\n\t\t<div id=\"accordion-829576416-content\" class=\"accordion-inner\" aria-labelledby=\"accordion-829576416-label\">\n\t\t\t\n\n<p dir=\"auto\">\u6211\u4eec\u63d0\u4f9b\u4e09\u4e2a\u7ea7\u522b\uff1a\u57fa\u672c\u7ea7\uff08100 \u6b27\u5143\/\u5e74\uff0c\u9002\u7528\u4e8e\u5c0f\u578b\u516c\u53f8\u7684\u57fa\u672c\u8bbf\u95ee\uff09\u3001\u5546\u52a1\u7ea7\uff08750 \u6b27\u5143\/\u5e74\uff0c\u63d0\u4f9b\u521d\u59cb\u54a8\u8be2\u548c\u7f51\u7edc\uff09\u548c\u91d1\u724c\u7ea7\uff083000 \u6b27\u5143\/\u5e74\uff0c\u63d0\u4f9b\u9ad8\u7ea7\u670d\u52a1\u548c\u72ec\u5bb6\u6298\u6263\uff09\u3002\u8bf7\u6839\u636e\u60a8\u7684\u89c4\u6a21\u548c\u9700\u6c42\u8fdb\u884c\u9009\u62e9\uff1b\u4f8b\u5982\uff0c\u5927\u578b\u4e2d\u56fd\u6216\u897f\u73ed\u7259\u516c\u53f8\u4f1a\u9009\u62e9\u91d1\u724c\u4f1a\u5458\uff0c\u4ee5\u6700\u5927\u9650\u5ea6\u5730\u6269\u5927\u6295\u8d44\u548c\u5ba3\u4f20\u3002\u8bf7\u8bbf\u95ee\u6211\u4eec\u7684 \"\u8d39\u7528 \"\u90e8\u5206\u4e86\u89e3\u8be6\u60c5\uff0c\u5e76\u7acb\u5373\u52a0\u5165\u3002.<\/p>\n\n\t\t<\/div>\n\t<\/div>\n\t\n\n<\/div>\n\n\t\t<\/div>\n\t\t\t\t\t<\/div>\n\n\t\n\n<\/div>\n\n\t\t<\/div>\n\n\t\t\n<style>\n#section_415552482 {\n  padding-top: 30px;\n  padding-bottom: 30px;\n}\n<\/style>\n\t<\/section>","protected":false},"excerpt":{"rendered":"","protected":false},"author":1,"featured_media":0,"parent":55,"menu_order":0,"comment_status":"closed","ping_status":"closed","template":"","meta":{"footnotes":""},"class_list":["post-89","page","type-page","status-publish","hentry"],"_links":{"self":[{"href":"https:\/\/aciiec.org\/zh\/wp-json\/wp\/v2\/pages\/89","targetHints":{"allow":["GET"]}}],"collection":[{"href":"https:\/\/aciiec.org\/zh\/wp-json\/wp\/v2\/pages"}],"about":[{"href":"https:\/\/aciiec.org\/zh\/wp-json\/wp\/v2\/types\/page"}],"author":[{"embeddable":true,"href":"https:\/\/aciiec.org\/zh\/wp-json\/wp\/v2\/users\/1"}],"replies":[{"embeddable":true,"href":"https:\/\/aciiec.org\/zh\/wp-json\/wp\/v2\/comments?post=89"}],"version-history":[{"count":4,"href":"https:\/\/aciiec.org\/zh\/wp-json\/wp\/v2\/pages\/89\/revisions"}],"predecessor-version":[{"id":430,"href":"https:\/\/aciiec.org\/zh\/wp-json\/wp\/v2\/pages\/89\/revisions\/430"}],"up":[{"embeddable":true,"href":"https:\/\/aciiec.org\/zh\/wp-json\/wp\/v2\/pages\/55"}],"wp:attachment":[{"href":"https:\/\/aciiec.org\/zh\/wp-json\/wp\/v2\/media?parent=89"}],"curies":[{"name":"wp","href":"https:\/\/api.w.org\/{rel}","templated":true}]}}