{"id":92,"date":"2013-08-11T19:22:53","date_gmt":"2013-08-11T19:22:53","guid":{"rendered":"http:\/\/localhost:8888\/test\/?page_id=532"},"modified":"2026-01-29T12:31:34","modified_gmt":"2026-01-29T12:31:34","slug":"contact","status":"publish","type":"page","link":"https:\/\/aciiec.org\/en\/elements\/pages\/contact\/","title":{"rendered":"Contact"},"content":{"rendered":"<section class=\"section\" id=\"section_1852983796\">\n\t\t<div class=\"section-bg fill\" >\n\t\t\t\t\t\t\t\t\t\n\t\t\t\n\n\t\t<\/div>\n\n\t\t\n\n\t\t<div class=\"section-content relative\">\n\t\t\t\n\n\n  <div class=\"banner has-hover\" id=\"banner-1769943397\">\n          <div class=\"banner-inner fill\">\n        <div class=\"banner-bg fill\" >\n            <img loading=\"lazy\" decoding=\"async\" width=\"1020\" height=\"667\" src=\"https:\/\/aciiec.org\/wp-content\/uploads\/2025\/12\/macao-puente-1223x800.jpg\" class=\"bg attachment-large size-large\" alt=\"\" \/>                        <div class=\"overlay\"><\/div>            \n                    <\/div>\n\t\t\n        <div class=\"banner-layers container\">\n            <div class=\"fill banner-link\"><\/div>            \n\n   <div id=\"text-box-1341113145\" class=\"text-box banner-layer x50 md-x50 lg-x50 y50 md-y50 lg-y50 res-text\">\n                                <div class=\"text-box-content text dark\">\n              \n              <div class=\"text-inner text-center\">\n                  \n\n<h3 class=\"uppercase\"><strong>CONTACT ACIIEC<\/strong><\/h3>\n\n              <\/div>\n           <\/div>\n                            \n<style>\n#text-box-1341113145 {\n  width: 60%;\n}\n#text-box-1341113145 .text-box-content {\n  font-size: 100%;\n}\n<\/style>\n    <\/div>\n \n\n        <\/div>\n      <\/div>\n\n            \n<style>\n#banner-1769943397 {\n  padding-top: 500px;\n}\n#banner-1769943397 .overlay {\n  background-color: rgba(17, 2, 2, 0.401);\n}\n<\/style>\n  <\/div>\n\n\n\n\t\t<\/div>\n\n\t\t\n<style>\n#section_1852983796 {\n  padding-top: 0px;\n  padding-bottom: 0px;\n}\n<\/style>\n\t<\/section>\n\t\n<div class=\"row\"  id=\"row-1319802920\">\n\n\n\t<div id=\"col-1860101617\" class=\"col medium-6 large-6\"  >\n\t\t\t\t<div class=\"col-inner\"  >\n\t\t\t\n\t\t\t\n\n<div class=\"container section-title-container\" ><h3 class=\"section-title section-title-normal\"><b aria-hidden=\"true\"><\/b><span class=\"section-title-main\" >Some doubts to be solved<\/span><b aria-hidden=\"true\"><\/b><\/h3><\/div>\n\n<p>We are here to answer all your questions and help you take the next step in industrial collaboration between Spain and China. Fill out the form and we will respond as soon as possible, whether it is for membership information, personalized advice, participation in events or any other query. <\/p>\n<div class=\"accordion\">\n\n\t<div id=\"accordion-3250926652\" class=\"accordion-item\">\n\t\t<a id=\"accordion-3250926652-label\" class=\"accordion-title plain\" href=\"#accordion-item-\u00bfqu\u00e9-es-la-aciiec-y-cu\u00e1l-es-su-objetivo-principal?\" aria-expanded=\"false\" aria-controls=\"accordion-3250926652-content\">\n\t\t\t<button class=\"toggle\" aria-label=\"Toggle\"><i class=\"icon-angle-down\" aria-hidden=\"true\"><\/i><\/button>\n\t\t\t<span>What is ACIIEC and what is its main objective?<\/span>\n\t\t<\/a>\n\t\t<div id=\"accordion-3250926652-content\" class=\"accordion-inner\" aria-labelledby=\"accordion-3250926652-label\">\n\t\t\t\n\n<p dir=\"auto\">The Association for Industrial and Engineering Collaboration Spain-China (ACIIEC) is a non-profit organization dedicated to promoting industrial, commercial and technological collaboration between Spain and China. Our goal is to build solid bridges based on mutual respect and sustainable development, promoting Chinese investment in Spain and helping Spanish companies to access the Chinese market.<\/p>\n\n\t\t<\/div>\n\t<\/div>\n\t\n\t<div id=\"accordion-4123336413\" class=\"accordion-item\">\n\t\t<a id=\"accordion-4123336413-label\" class=\"accordion-title plain\" href=\"#accordion-item-\u00bfqu\u00e9-tipos-de-membres\u00edas-ofrece-la-aciiec-y-cu\u00e1nto-cuestan-aproximadamente?\" aria-expanded=\"false\" aria-controls=\"accordion-4123336413-content\">\n\t\t\t<button class=\"toggle\" aria-label=\"Toggle\"><i class=\"icon-angle-down\" aria-hidden=\"true\"><\/i><\/button>\n\t\t\t<span>What types of memberships does ACIIEC offer and how much do they cost approximately?<\/span>\n\t\t<\/a>\n\t\t<div id=\"accordion-4123336413-content\" class=\"accordion-inner\" aria-labelledby=\"accordion-4123336413-label\">\n\t\t\t\n\n<ul>\n<li><strong>Basic<\/strong> (200 \u20ac\/year): ideal for individuals and small businesses, with access to information, webinars and basic discounts.<\/li>\n<li><strong>Corporate<\/strong> (750 \u20ac\/year): for medium-sized companies, includes initial consulting and further networking.<\/li>\n<li><strong>Gold<\/strong> (3,000 \u20ac\/year): for large companies and institutions, with unlimited consulting, prominent promotion in China and exclusive discounts. Prices are approximate and may be revised annually.<\/li>\n<\/ul>\n\n\t\t<\/div>\n\t<\/div>\n\t\n\t<div id=\"accordion-3444126098\" class=\"accordion-item\">\n\t\t<a id=\"accordion-3444126098-label\" class=\"accordion-title plain\" href=\"#accordion-item-\u00bfc\u00f3mo-puede-la-aciiec-ayudar-a-mi-empresa-espa\u00f1ola-a-promocionarse-en-china?\" aria-expanded=\"false\" aria-controls=\"accordion-3444126098-content\">\n\t\t\t<button class=\"toggle\" aria-label=\"Toggle\"><i class=\"icon-angle-down\" aria-hidden=\"true\"><\/i><\/button>\n\t\t\t<span>How can ACIIEC help my Spanish company to promote itself in China?<\/span>\n\t\t<\/a>\n\t\t<div id=\"accordion-3444126098-content\" class=\"accordion-inner\" aria-labelledby=\"accordion-3444126098-label\">\n\t\t\t\n\n<p dir=\"auto\">Through campaigns in Chinese social networks (WeChat, Weibo, Douyin) and national media, we conduct interviews, reports and publications that increase the visibility of your company to potential Chinese investors and partners. Business and Gold partners receive priority and personalized promotion.<\/p>\n\n\t\t<\/div>\n\t<\/div>\n\t\n\t<div id=\"accordion-3343013664\" class=\"accordion-item\">\n\t\t<a id=\"accordion-3343013664-label\" class=\"accordion-title plain\" href=\"#accordion-item-\u00bfqu\u00e9-servicios-de-asesor\u00eda-ofrece-la-asociaci\u00f3n-para-empresas-chinas-interesadas-en-espa\u00f1a?\" aria-expanded=\"false\" aria-controls=\"accordion-3343013664-content\">\n\t\t\t<button class=\"toggle\" aria-label=\"Toggle\"><i class=\"icon-angle-down\" aria-hidden=\"true\"><\/i><\/button>\n\t\t\t<span>What consulting services does the association offer to Chinese companies interested in Spain?<\/span>\n\t\t<\/a>\n\t\t<div id=\"accordion-3343013664-content\" class=\"accordion-inner\" aria-labelledby=\"accordion-3343013664-label\">\n\t\t\t\n\n<p dir=\"auto\">We provide technical, legal, regulatory and business advice tailored to the Spanish market, facilitating implementation procedures, local partner search and regulatory compliance in sectors such as energy, logistics, mobility and industry. Gold members receive unlimited and personalized advice.<\/p>\n\n\t\t<\/div>\n\t<\/div>\n\t\n\n<\/div>\n\n\t\t<\/div>\n\t\t\t\t\t<\/div>\n\n\t\n\n\t<div id=\"col-1716232623\" class=\"col medium-6 large-6\"  >\n\t\t\t\t<div class=\"col-inner\"  >\n\t\t\t\n\t\t\t\n\n<div class=\"container section-title-container\" ><h3 class=\"section-title section-title-normal\"><b aria-hidden=\"true\"><\/b><span class=\"section-title-main\" >Fill out the following form<\/span><b aria-hidden=\"true\"><\/b><\/h3><\/div>\n\n\n<div class=\"wpcf7 no-js\" id=\"wpcf7-f19-o1\" lang=\"en-US\" dir=\"ltr\" data-wpcf7-id=\"19\">\n<div class=\"screen-reader-response\"><p role=\"status\" aria-live=\"polite\" aria-atomic=\"true\"><\/p> <ul><\/ul><\/div>\n<form action=\"\/en\/wp-json\/wp\/v2\/pages\/92#wpcf7-f19-o1\" method=\"post\" class=\"wpcf7-form init\" aria-label=\"Contact form\" novalidate=\"novalidate\" data-status=\"init\" data-trp-original-action=\"\/en\/wp-json\/wp\/v2\/pages\/92#wpcf7-f19-o1\">\n<fieldset class=\"hidden-fields-container\"><input type=\"hidden\" name=\"_wpcf7\" value=\"19\" \/><input type=\"hidden\" name=\"_wpcf7_version\" value=\"6.1.5\" \/><input type=\"hidden\" name=\"_wpcf7_locale\" value=\"en_US\" \/><input type=\"hidden\" name=\"_wpcf7_unit_tag\" value=\"wpcf7-f19-o1\" \/><input type=\"hidden\" name=\"_wpcf7_container_post\" value=\"0\" \/><input type=\"hidden\" name=\"_wpcf7_posted_data_hash\" value=\"\" \/>\n<\/fieldset>\n<p><label>Your Name (required)<\/label><br \/>\n<span class=\"wpcf7-form-control-wrap\" data-name=\"your-name\"><input size=\"40\" maxlength=\"400\" class=\"wpcf7-form-control wpcf7-text wpcf7-validates-as-required\" aria-required=\"true\" aria-invalid=\"false\" value=\"\" type=\"text\" name=\"your-name\" \/><\/span>\n<\/p>\n<p><label>Your Email (required)<\/label><br \/>\n<span class=\"wpcf7-form-control-wrap\" data-name=\"your-email\"><input size=\"40\" maxlength=\"400\" class=\"wpcf7-form-control wpcf7-email wpcf7-validates-as-required wpcf7-text wpcf7-validates-as-email\" aria-required=\"true\" aria-invalid=\"false\" value=\"\" type=\"email\" name=\"your-email\" \/><\/span>\n<\/p>\n<p><label> Subject<br \/>\n<span class=\"wpcf7-form-control-wrap\" data-name=\"your-subject\"><input size=\"40\" maxlength=\"400\" class=\"wpcf7-form-control wpcf7-text wpcf7-validates-as-required\" aria-required=\"true\" aria-invalid=\"false\" value=\"\" type=\"text\" name=\"your-subject\" \/><\/span> <\/label>\n<\/p>\n<p><label>Your Message (required)<\/label><br \/>\n<span class=\"wpcf7-form-control-wrap\" data-name=\"your-message\"><textarea cols=\"40\" rows=\"10\" maxlength=\"2000\" class=\"wpcf7-form-control wpcf7-textarea\" aria-invalid=\"false\" name=\"your-message\"><\/textarea><\/span>\n<\/p>\n<p><div id=\"cf7sr-69e36dd6ab5dd\" class=\"cf7sr-g-recaptcha\" data-theme=\"light\" data-type=\"image\" data-size=\"normal\" data-sitekey=\"6LcNS1osAAAAAKz-T6IjNhL3CtE8r_S010ClXH5S\"><\/div><span class=\"wpcf7-form-control-wrap cf7sr-recaptcha\" data-name=\"cf7sr-recaptcha\"><input type=\"hidden\" name=\"cf7sr-recaptcha\" value=\"\" class=\"wpcf7-form-control\"><\/span>\n<\/p>\n<p><input class=\"wpcf7-form-control wpcf7-submit has-spinner button\" type=\"submit\" value=\"Submit\" \/>\n<\/p><div class=\"wpcf7-response-output\" aria-hidden=\"true\"><\/div>\n<input type=\"hidden\" name=\"trp-form-language\" value=\"en\"\/><\/form>\n<\/div>\n\n\n\n\t\t<\/div>\n\t\t\t\t\t<\/div>\n\n\t\n\n<\/div>\n<p>\u00a0<\/p>","protected":false},"excerpt":{"rendered":"","protected":false},"author":1,"featured_media":20,"parent":55,"menu_order":0,"comment_status":"closed","ping_status":"closed","template":"page-blank.php","meta":{"footnotes":""},"class_list":["post-92","page","type-page","status-publish","has-post-thumbnail","hentry"],"_links":{"self":[{"href":"https:\/\/aciiec.org\/en\/wp-json\/wp\/v2\/pages\/92","targetHints":{"allow":["GET"]}}],"collection":[{"href":"https:\/\/aciiec.org\/en\/wp-json\/wp\/v2\/pages"}],"about":[{"href":"https:\/\/aciiec.org\/en\/wp-json\/wp\/v2\/types\/page"}],"author":[{"embeddable":true,"href":"https:\/\/aciiec.org\/en\/wp-json\/wp\/v2\/users\/1"}],"replies":[{"embeddable":true,"href":"https:\/\/aciiec.org\/en\/wp-json\/wp\/v2\/comments?post=92"}],"version-history":[{"count":7,"href":"https:\/\/aciiec.org\/en\/wp-json\/wp\/v2\/pages\/92\/revisions"}],"predecessor-version":[{"id":497,"href":"https:\/\/aciiec.org\/en\/wp-json\/wp\/v2\/pages\/92\/revisions\/497"}],"up":[{"embeddable":true,"href":"https:\/\/aciiec.org\/en\/wp-json\/wp\/v2\/pages\/55"}],"wp:featuredmedia":[{"embeddable":true,"href":"https:\/\/aciiec.org\/en\/wp-json\/wp\/v2\/media\/20"}],"wp:attachment":[{"href":"https:\/\/aciiec.org\/en\/wp-json\/wp\/v2\/media?parent=92"}],"curies":[{"name":"wp","href":"https:\/\/api.w.org\/{rel}","templated":true}]}}